{"id":560,"date":"2023-09-22T15:46:43","date_gmt":"2023-09-22T19:46:43","guid":{"rendered":"http:\/\/transferforever.com\/about\/"},"modified":"2025-03-21T15:45:54","modified_gmt":"2025-03-21T19:45:54","slug":"a-propos","status":"publish","type":"page","link":"https:\/\/transferforever.com\/fr\/a-propos\/","title":{"rendered":"\u00c0 propos"},"content":{"rendered":"<p>Au cours des derni\u00e8res ann\u00e9es, l&#8217;\u00e9quipe de Transfert VHS<sup>MC<\/sup> a consacr\u00e9 son expertise \u00e0 perfectionner ses techniques, atteignant une qualit\u00e9 professionnelle optimale \u00e0 un prix imbattable. Leur engagement a port\u00e9 ses fruits, et c&#8217;est avec fiert\u00e9 qu&#8217;en 2022, l&#8217;\u00e9quipe a \u00e9tendu ses offres de services \u00e0 l&#8217;ensemble du Canada. Cela a marqu\u00e9 la naissance de Transfer Forever !<\/p>\n<p>Aujourd&#8217;hui, Transfer Forever<sup>MC <\/sup>est d\u00e9j\u00e0 reconnu comme le leader canadien dans la num\u00e9risation des souvenirs familiaux, offrant aux gens la possibilit\u00e9 de pr\u00e9server leurs pr\u00e9cieux souvenirs de mani\u00e8re durable, pratique et accessible. Ce succ\u00e8s refl\u00e8te le d\u00e9vouement et la passion de notre \u00e9quipe tout en continuant \u00e0 r\u00e9aliser la vision initi\u00e9e par notre PDG en 1998.<\/p>\n","protected":false},"excerpt":{"rendered":"<p>Au cours des derni\u00e8res ann\u00e9es, l&#8217;\u00e9quipe de Transfert VHSMC a consacr\u00e9 son expertise \u00e0 perfectionner ses techniques, atteignant une qualit\u00e9 professionnelle optimale \u00e0 un prix imbattable. Leur engagement a port\u00e9 ses fruits, et c&#8217;est avec fiert\u00e9 qu&#8217;en 2022, l&#8217;\u00e9quipe a \u00e9tendu ses offres de services \u00e0 l&#8217;ensemble du Canada. Cela a marqu\u00e9 la naissance de [&hellip;]<\/p>\n","protected":false},"author":1,"featured_media":2205,"parent":0,"menu_order":0,"comment_status":"closed","ping_status":"closed","template":"template\/about.php","meta":{"_acf_changed":false,"footnotes":""},"class_list":["post-560","page","type-page","status-publish","has-post-thumbnail","hentry"],"acf":[],"yoast_head":"<!-- This site is optimized with the Yoast SEO plugin v27.0 - https:\/\/yoast.com\/product\/yoast-seo-wordpress\/ -->\n<title>Transfert VHS Forever VHS 8mm Diapositives Audio cl\u00e9 USB DVD<\/title>\n<meta name=\"description\" content=\"Transfer Forever est reconnu comme le leader canadien dans la num\u00e9risation de souvenirs familiaux. Nous transf\u00e9rons vos pr\u00e9cieux souvenirs.\" \/>\n<meta name=\"robots\" content=\"index, follow, max-snippet:-1, max-image-preview:large, max-video-preview:-1\" \/>\n<link rel=\"canonical\" href=\"http:\/\/transferforever.com\/about\/\" \/>\n<meta property=\"og:locale\" content=\"fr_FR\" \/>\n<meta property=\"og:type\" content=\"article\" \/>\n<meta property=\"og:title\" content=\"Transfert VHS Forever VHS 8mm Diapositives Audio cl\u00e9 USB DVD\" \/>\n<meta property=\"og:description\" content=\"Transfer Forever est reconnu comme le leader canadien dans la num\u00e9risation de souvenirs familiaux. Nous transf\u00e9rons vos pr\u00e9cieux souvenirs.\" \/>\n<meta property=\"og:url\" content=\"http:\/\/transferforever.com\/about\/\" \/>\n<meta property=\"og:site_name\" content=\"Transfer Forever\" \/>\n<meta property=\"article:modified_time\" content=\"2025-03-21T19:45:54+00:00\" \/>\n<meta property=\"og:image\" content=\"http:\/\/transferforever.com\/wp-content\/uploads\/2025\/03\/president.png\" \/>\n\t<meta property=\"og:image:width\" content=\"1503\" \/>\n\t<meta property=\"og:image:height\" content=\"1003\" \/>\n\t<meta property=\"og:image:type\" content=\"image\/png\" \/>\n<meta name=\"twitter:card\" content=\"summary_large_image\" \/>\n<meta name=\"twitter:label1\" content=\"Dur\u00e9e de lecture estim\u00e9e\" \/>\n\t<meta name=\"twitter:data1\" content=\"1 minute\" \/>\n<script type=\"application\/ld+json\" class=\"yoast-schema-graph\">{\"@context\":\"https:\/\/schema.org\",\"@graph\":[{\"@type\":\"WebPage\",\"@id\":\"http:\/\/transferforever.com\/about\/\",\"url\":\"http:\/\/transferforever.com\/about\/\",\"name\":\"Transfert VHS Forever VHS 8mm Diapositives Audio cl\u00e9 USB DVD\",\"isPartOf\":{\"@id\":\"https:\/\/transferforever.com\/#website\"},\"primaryImageOfPage\":{\"@id\":\"http:\/\/transferforever.com\/about\/#primaryimage\"},\"image\":{\"@id\":\"http:\/\/transferforever.com\/about\/#primaryimage\"},\"thumbnailUrl\":\"https:\/\/transferforever.com\/wp-content\/uploads\/2025\/03\/president.png\",\"datePublished\":\"2023-09-22T19:46:43+00:00\",\"dateModified\":\"2025-03-21T19:45:54+00:00\",\"description\":\"Transfer Forever est reconnu comme le leader canadien dans la num\u00e9risation de souvenirs familiaux. Nous transf\u00e9rons vos pr\u00e9cieux souvenirs.\",\"inLanguage\":\"fr-FR\",\"potentialAction\":[{\"@type\":\"ReadAction\",\"target\":[\"http:\/\/transferforever.com\/about\/\"]}]},{\"@type\":\"ImageObject\",\"inLanguage\":\"fr-FR\",\"@id\":\"http:\/\/transferforever.com\/about\/#primaryimage\",\"url\":\"https:\/\/transferforever.com\/wp-content\/uploads\/2025\/03\/president.png\",\"contentUrl\":\"https:\/\/transferforever.com\/wp-content\/uploads\/2025\/03\/president.png\",\"width\":1503,\"height\":1003},{\"@type\":\"WebSite\",\"@id\":\"https:\/\/transferforever.com\/#website\",\"url\":\"https:\/\/transferforever.com\/\",\"name\":\"Transfer Forever\",\"description\":\"\",\"potentialAction\":[{\"@type\":\"SearchAction\",\"target\":{\"@type\":\"EntryPoint\",\"urlTemplate\":\"https:\/\/transferforever.com\/?s={search_term_string}\"},\"query-input\":{\"@type\":\"PropertyValueSpecification\",\"valueRequired\":true,\"valueName\":\"search_term_string\"}}],\"inLanguage\":\"fr-FR\"}]}<\/script>\n<!-- \/ Yoast SEO plugin. -->","yoast_head_json":{"title":"Transfert VHS Forever VHS 8mm Diapositives Audio cl\u00e9 USB DVD","description":"Transfer Forever est reconnu comme le leader canadien dans la num\u00e9risation de souvenirs familiaux. Nous transf\u00e9rons vos pr\u00e9cieux souvenirs.","robots":{"index":"index","follow":"follow","max-snippet":"max-snippet:-1","max-image-preview":"max-image-preview:large","max-video-preview":"max-video-preview:-1"},"canonical":"http:\/\/transferforever.com\/about\/","og_locale":"fr_FR","og_type":"article","og_title":"Transfert VHS Forever VHS 8mm Diapositives Audio cl\u00e9 USB DVD","og_description":"Transfer Forever est reconnu comme le leader canadien dans la num\u00e9risation de souvenirs familiaux. Nous transf\u00e9rons vos pr\u00e9cieux souvenirs.","og_url":"http:\/\/transferforever.com\/about\/","og_site_name":"Transfer Forever","article_modified_time":"2025-03-21T19:45:54+00:00","og_image":[{"width":1503,"height":1003,"url":"http:\/\/transferforever.com\/wp-content\/uploads\/2025\/03\/president.png","type":"image\/png"}],"twitter_card":"summary_large_image","twitter_misc":{"Dur\u00e9e de lecture estim\u00e9e":"1 minute"},"schema":{"@context":"https:\/\/schema.org","@graph":[{"@type":"WebPage","@id":"http:\/\/transferforever.com\/about\/","url":"http:\/\/transferforever.com\/about\/","name":"Transfert VHS Forever VHS 8mm Diapositives Audio cl\u00e9 USB DVD","isPartOf":{"@id":"https:\/\/transferforever.com\/#website"},"primaryImageOfPage":{"@id":"http:\/\/transferforever.com\/about\/#primaryimage"},"image":{"@id":"http:\/\/transferforever.com\/about\/#primaryimage"},"thumbnailUrl":"https:\/\/transferforever.com\/wp-content\/uploads\/2025\/03\/president.png","datePublished":"2023-09-22T19:46:43+00:00","dateModified":"2025-03-21T19:45:54+00:00","description":"Transfer Forever est reconnu comme le leader canadien dans la num\u00e9risation de souvenirs familiaux. Nous transf\u00e9rons vos pr\u00e9cieux souvenirs.","inLanguage":"fr-FR","potentialAction":[{"@type":"ReadAction","target":["http:\/\/transferforever.com\/about\/"]}]},{"@type":"ImageObject","inLanguage":"fr-FR","@id":"http:\/\/transferforever.com\/about\/#primaryimage","url":"https:\/\/transferforever.com\/wp-content\/uploads\/2025\/03\/president.png","contentUrl":"https:\/\/transferforever.com\/wp-content\/uploads\/2025\/03\/president.png","width":1503,"height":1003},{"@type":"WebSite","@id":"https:\/\/transferforever.com\/#website","url":"https:\/\/transferforever.com\/","name":"Transfer Forever","description":"","potentialAction":[{"@type":"SearchAction","target":{"@type":"EntryPoint","urlTemplate":"https:\/\/transferforever.com\/?s={search_term_string}"},"query-input":{"@type":"PropertyValueSpecification","valueRequired":true,"valueName":"search_term_string"}}],"inLanguage":"fr-FR"}]}},"_links":{"self":[{"href":"https:\/\/transferforever.com\/fr\/wp-json\/wp\/v2\/pages\/560","targetHints":{"allow":["GET"]}}],"collection":[{"href":"https:\/\/transferforever.com\/fr\/wp-json\/wp\/v2\/pages"}],"about":[{"href":"https:\/\/transferforever.com\/fr\/wp-json\/wp\/v2\/types\/page"}],"author":[{"embeddable":true,"href":"https:\/\/transferforever.com\/fr\/wp-json\/wp\/v2\/users\/1"}],"replies":[{"embeddable":true,"href":"https:\/\/transferforever.com\/fr\/wp-json\/wp\/v2\/comments?post=560"}],"version-history":[{"count":9,"href":"https:\/\/transferforever.com\/fr\/wp-json\/wp\/v2\/pages\/560\/revisions"}],"predecessor-version":[{"id":921,"href":"https:\/\/transferforever.com\/fr\/wp-json\/wp\/v2\/pages\/560\/revisions\/921"}],"wp:featuredmedia":[{"embeddable":true,"href":"https:\/\/transferforever.com\/fr\/wp-json\/wp\/v2\/media\/2205"}],"wp:attachment":[{"href":"https:\/\/transferforever.com\/fr\/wp-json\/wp\/v2\/media?parent=560"}],"curies":[{"name":"wp","href":"https:\/\/api.w.org\/{rel}","templated":true}]}}