{"id":570,"date":"2023-10-17T14:03:34","date_gmt":"2023-10-17T18:03:34","guid":{"rendered":"http:\/\/transferforever.com\/refunds-and-returns-policy\/"},"modified":"2024-12-12T14:25:28","modified_gmt":"2024-12-12T19:25:28","slug":"politique-de-remboursement-et-de-retour","status":"publish","type":"page","link":"https:\/\/transferforever.com\/fr\/politique-de-remboursement-et-de-retour\/","title":{"rendered":"Conditions de vente et de service"},"content":{"rendered":"<p><strong>Politique de remboursement et responsabilit\u00e9<\/strong><\/p>\n<p>Toutes les ventes sont finales. Une fois une commande pass\u00e9e, aucun remboursement ne sera accord\u00e9. Si vous souhaitez annuler ou modifier votre commande avant qu&#8217;elle ne soit trait\u00e9e, une carte-cadeau \u00e9quivalente \u00e0 la valeur totale de votre commande sera \u00e9mise. Cette carte-cadeau pourra \u00eatre utilis\u00e9e pour un achat futur sur www.TransfertVHS.com.<\/p>\n<p>Nous d\u00e9clinons toute responsabilit\u00e9 pour les retards ou les probl\u00e8mes de livraison caus\u00e9s par des transporteurs tiers, y compris, mais sans s&#8217;y limiter, les gr\u00e8ves, conflits de travail, lockouts, conditions m\u00e9t\u00e9orologiques ou toute autre circonstance ind\u00e9pendante de notre volont\u00e9 qui pourrait affecter les services des transporteurs.<\/p>\n<p>&nbsp;<\/p>\n<p><strong>Cartes-cadeaux retard\u00e9es ou manquantes (le cas \u00e9ch\u00e9ant)<\/strong><\/p>\n<p>Si, apr\u00e8s 10 jours, vous n&#8217;avez toujours pas re\u00e7u votre carte-cadeau, veuillez nous contacter \u00e0 l&#8217;adresse suivante : <a href=\"mailto:info@transferforever.com\">info@transferforever.com<\/a><\/p>\n<p>&nbsp;<\/p>\n<p><strong>Qualit\u00e9 du transfert<\/strong><\/p>\n<p>Tous les transferts sont effectu\u00e9s professionnellement en utilisant les meilleures technologies disponibles. Cependant, la qualit\u00e9 du produit final d\u00e9pend de la qualit\u00e9 d&#8217;enregistrement originale des supports fournis par le client. Par exemple, si la bande originale pr\u00e9sente une qualit\u00e9 audio ou vid\u00e9o m\u00e9diocre, ces imperfections se refl\u00e9teront dans le transfert final. Bien que nous nous efforcions de fournir un service optimal, nous ne pouvons pas am\u00e9liorer les d\u00e9fauts inh\u00e9rents aux fichiers d&#8217;origine.<\/p>\n<p>&nbsp;<\/p>\n<p><strong>Copies num\u00e9riques de vos supports analogiques<\/strong><\/p>\n<p>Transfert VHS inc. (Transfer Forever) se r\u00e9serve le droit de conserver une copie num\u00e9rique de vos supports dans un circuit s\u00e9curis\u00e9 pour une dur\u00e9e ind\u00e9termin\u00e9e. Cela nous permet de proposer des services futurs \u00e0 mesure que les technologies \u00e9voluent. Des options pour am\u00e9liorer vos supports pourront \u00eatre propos\u00e9es avec de nouveaux outils disponibles. Veuillez nous contacter si vous souhaitez que vos copies num\u00e9riques soient supprim\u00e9es de mani\u00e8re permanente.<\/p>\n","protected":false},"excerpt":{"rendered":"<p>Politique de remboursement et responsabilit\u00e9 Toutes les ventes sont finales. Une fois une commande pass\u00e9e, aucun remboursement ne sera accord\u00e9. Si vous souhaitez annuler ou modifier votre commande avant qu&#8217;elle ne soit trait\u00e9e, une carte-cadeau \u00e9quivalente \u00e0 la valeur totale de votre commande sera \u00e9mise. Cette carte-cadeau pourra \u00eatre utilis\u00e9e pour un achat futur sur [&hellip;]<\/p>\n","protected":false},"author":1,"featured_media":0,"parent":0,"menu_order":0,"comment_status":"closed","ping_status":"closed","template":"","meta":{"_acf_changed":false,"footnotes":""},"class_list":["post-570","page","type-page","status-publish","hentry"],"acf":[],"yoast_head":"<!-- This site is optimized with the Yoast SEO plugin v27.0 - https:\/\/yoast.com\/product\/yoast-seo-wordpress\/ -->\n<title>Conditions de vente et de service - Transfer Forever<\/title>\n<meta name=\"robots\" content=\"index, follow, max-snippet:-1, max-image-preview:large, max-video-preview:-1\" \/>\n<link rel=\"canonical\" href=\"https:\/\/transferforever.com\/fr\/politique-de-remboursement-et-de-retour\/\" \/>\n<meta property=\"og:locale\" content=\"fr_FR\" \/>\n<meta property=\"og:type\" content=\"article\" \/>\n<meta property=\"og:title\" content=\"Conditions de vente et de service - Transfer Forever\" \/>\n<meta property=\"og:description\" content=\"Politique de remboursement et responsabilit\u00e9 Toutes les ventes sont finales. Une fois une commande pass\u00e9e, aucun remboursement ne sera accord\u00e9. Si vous souhaitez annuler ou modifier votre commande avant qu&#8217;elle ne soit trait\u00e9e, une carte-cadeau \u00e9quivalente \u00e0 la valeur totale de votre commande sera \u00e9mise. Cette carte-cadeau pourra \u00eatre utilis\u00e9e pour un achat futur sur [&hellip;]\" \/>\n<meta property=\"og:url\" content=\"https:\/\/transferforever.com\/fr\/politique-de-remboursement-et-de-retour\/\" \/>\n<meta property=\"og:site_name\" content=\"Transfer Forever\" \/>\n<meta property=\"article:modified_time\" content=\"2024-12-12T19:25:28+00:00\" \/>\n<meta name=\"twitter:card\" content=\"summary_large_image\" \/>\n<meta name=\"twitter:label1\" content=\"Dur\u00e9e de lecture estim\u00e9e\" \/>\n\t<meta name=\"twitter:data1\" content=\"2 minutes\" \/>\n<script type=\"application\/ld+json\" class=\"yoast-schema-graph\">{\"@context\":\"https:\/\/schema.org\",\"@graph\":[{\"@type\":\"WebPage\",\"@id\":\"https:\/\/transferforever.com\/fr\/politique-de-remboursement-et-de-retour\/\",\"url\":\"https:\/\/transferforever.com\/fr\/politique-de-remboursement-et-de-retour\/\",\"name\":\"Conditions de vente et de service - Transfer Forever\",\"isPartOf\":{\"@id\":\"https:\/\/transferforever.com\/#website\"},\"datePublished\":\"2023-10-17T18:03:34+00:00\",\"dateModified\":\"2024-12-12T19:25:28+00:00\",\"inLanguage\":\"fr-FR\",\"potentialAction\":[{\"@type\":\"ReadAction\",\"target\":[\"https:\/\/transferforever.com\/fr\/politique-de-remboursement-et-de-retour\/\"]}]},{\"@type\":\"WebSite\",\"@id\":\"https:\/\/transferforever.com\/#website\",\"url\":\"https:\/\/transferforever.com\/\",\"name\":\"Transfer Forever\",\"description\":\"\",\"potentialAction\":[{\"@type\":\"SearchAction\",\"target\":{\"@type\":\"EntryPoint\",\"urlTemplate\":\"https:\/\/transferforever.com\/?s={search_term_string}\"},\"query-input\":{\"@type\":\"PropertyValueSpecification\",\"valueRequired\":true,\"valueName\":\"search_term_string\"}}],\"inLanguage\":\"fr-FR\"}]}<\/script>\n<!-- \/ Yoast SEO plugin. -->","yoast_head_json":{"title":"Conditions de vente et de service - Transfer Forever","robots":{"index":"index","follow":"follow","max-snippet":"max-snippet:-1","max-image-preview":"max-image-preview:large","max-video-preview":"max-video-preview:-1"},"canonical":"https:\/\/transferforever.com\/fr\/politique-de-remboursement-et-de-retour\/","og_locale":"fr_FR","og_type":"article","og_title":"Conditions de vente et de service - Transfer Forever","og_description":"Politique de remboursement et responsabilit\u00e9 Toutes les ventes sont finales. Une fois une commande pass\u00e9e, aucun remboursement ne sera accord\u00e9. Si vous souhaitez annuler ou modifier votre commande avant qu&#8217;elle ne soit trait\u00e9e, une carte-cadeau \u00e9quivalente \u00e0 la valeur totale de votre commande sera \u00e9mise. Cette carte-cadeau pourra \u00eatre utilis\u00e9e pour un achat futur sur [&hellip;]","og_url":"https:\/\/transferforever.com\/fr\/politique-de-remboursement-et-de-retour\/","og_site_name":"Transfer Forever","article_modified_time":"2024-12-12T19:25:28+00:00","twitter_card":"summary_large_image","twitter_misc":{"Dur\u00e9e de lecture estim\u00e9e":"2 minutes"},"schema":{"@context":"https:\/\/schema.org","@graph":[{"@type":"WebPage","@id":"https:\/\/transferforever.com\/fr\/politique-de-remboursement-et-de-retour\/","url":"https:\/\/transferforever.com\/fr\/politique-de-remboursement-et-de-retour\/","name":"Conditions de vente et de service - Transfer Forever","isPartOf":{"@id":"https:\/\/transferforever.com\/#website"},"datePublished":"2023-10-17T18:03:34+00:00","dateModified":"2024-12-12T19:25:28+00:00","inLanguage":"fr-FR","potentialAction":[{"@type":"ReadAction","target":["https:\/\/transferforever.com\/fr\/politique-de-remboursement-et-de-retour\/"]}]},{"@type":"WebSite","@id":"https:\/\/transferforever.com\/#website","url":"https:\/\/transferforever.com\/","name":"Transfer Forever","description":"","potentialAction":[{"@type":"SearchAction","target":{"@type":"EntryPoint","urlTemplate":"https:\/\/transferforever.com\/?s={search_term_string}"},"query-input":{"@type":"PropertyValueSpecification","valueRequired":true,"valueName":"search_term_string"}}],"inLanguage":"fr-FR"}]}},"_links":{"self":[{"href":"https:\/\/transferforever.com\/fr\/wp-json\/wp\/v2\/pages\/570","targetHints":{"allow":["GET"]}}],"collection":[{"href":"https:\/\/transferforever.com\/fr\/wp-json\/wp\/v2\/pages"}],"about":[{"href":"https:\/\/transferforever.com\/fr\/wp-json\/wp\/v2\/types\/page"}],"author":[{"embeddable":true,"href":"https:\/\/transferforever.com\/fr\/wp-json\/wp\/v2\/users\/1"}],"replies":[{"embeddable":true,"href":"https:\/\/transferforever.com\/fr\/wp-json\/wp\/v2\/comments?post=570"}],"version-history":[{"count":15,"href":"https:\/\/transferforever.com\/fr\/wp-json\/wp\/v2\/pages\/570\/revisions"}],"predecessor-version":[{"id":1894,"href":"https:\/\/transferforever.com\/fr\/wp-json\/wp\/v2\/pages\/570\/revisions\/1894"}],"wp:attachment":[{"href":"https:\/\/transferforever.com\/fr\/wp-json\/wp\/v2\/media?parent=570"}],"curies":[{"name":"wp","href":"https:\/\/api.w.org\/{rel}","templated":true}]}}