{"id":580,"date":"2023-07-27T07:45:41","date_gmt":"2023-07-27T11:45:41","guid":{"rendered":"http:\/\/transferforever.com\/what-we-digitize\/"},"modified":"2025-10-19T12:24:19","modified_gmt":"2025-10-19T16:24:19","slug":"ce-que-nous-numerisons","status":"publish","type":"page","link":"https:\/\/transferforever.com\/fr\/ce-que-nous-numerisons\/","title":{"rendered":"Tarifs"},"content":{"rendered":"","protected":false},"excerpt":{"rendered":"","protected":false},"author":1,"featured_media":0,"parent":0,"menu_order":0,"comment_status":"closed","ping_status":"closed","template":"template\/what-we-digitize.php","meta":{"_acf_changed":false,"footnotes":""},"class_list":["post-580","page","type-page","status-publish","hentry"],"acf":[],"yoast_head":"<!-- This site is optimized with the Yoast SEO plugin v27.0 - https:\/\/yoast.com\/product\/yoast-seo-wordpress\/ -->\n<title>VHS Super 8 8mm Audio Vid\u00e9o CD Diapositives DVD sur cl\u00e9 USB<\/title>\n<meta name=\"description\" content=\"Rassemblez vos cassettes, films, photos, audio et diapositives. Nous num\u00e9risons et transf\u00e9rons tous les types de m\u00e9dias sur une seule cl\u00e9 USB\" \/>\n<meta name=\"robots\" content=\"index, follow, max-snippet:-1, max-image-preview:large, max-video-preview:-1\" \/>\n<link rel=\"canonical\" href=\"https:\/\/transferforever.com\/fr\/ce-que-nous-numerisons\/\" \/>\n<meta property=\"og:locale\" content=\"fr_FR\" \/>\n<meta property=\"og:type\" content=\"article\" \/>\n<meta property=\"og:title\" content=\"VHS Super 8 8mm Audio Vid\u00e9o CD Diapositives DVD sur cl\u00e9 USB\" \/>\n<meta property=\"og:description\" content=\"Rassemblez vos cassettes, films, photos, audio et diapositives. Nous num\u00e9risons et transf\u00e9rons tous les types de m\u00e9dias sur une seule cl\u00e9 USB\" \/>\n<meta property=\"og:url\" content=\"https:\/\/transferforever.com\/fr\/ce-que-nous-numerisons\/\" \/>\n<meta property=\"og:site_name\" content=\"Transfer Forever\" \/>\n<meta property=\"article:modified_time\" content=\"2025-10-19T16:24:19+00:00\" \/>\n<meta name=\"twitter:card\" content=\"summary_large_image\" \/>\n<script type=\"application\/ld+json\" class=\"yoast-schema-graph\">{\"@context\":\"https:\/\/schema.org\",\"@graph\":[{\"@type\":\"WebPage\",\"@id\":\"https:\/\/transferforever.com\/fr\/ce-que-nous-numerisons\/\",\"url\":\"https:\/\/transferforever.com\/fr\/ce-que-nous-numerisons\/\",\"name\":\"VHS Super 8 8mm Audio Vid\u00e9o CD Diapositives DVD sur cl\u00e9 USB\",\"isPartOf\":{\"@id\":\"https:\/\/transferforever.com\/#website\"},\"datePublished\":\"2023-07-27T11:45:41+00:00\",\"dateModified\":\"2025-10-19T16:24:19+00:00\",\"description\":\"Rassemblez vos cassettes, films, photos, audio et diapositives. Nous num\u00e9risons et transf\u00e9rons tous les types de m\u00e9dias sur une seule cl\u00e9 USB\",\"inLanguage\":\"fr-FR\",\"potentialAction\":[{\"@type\":\"ReadAction\",\"target\":[\"https:\/\/transferforever.com\/fr\/ce-que-nous-numerisons\/\"]}]},{\"@type\":\"WebSite\",\"@id\":\"https:\/\/transferforever.com\/#website\",\"url\":\"https:\/\/transferforever.com\/\",\"name\":\"Transfer Forever\",\"description\":\"\",\"potentialAction\":[{\"@type\":\"SearchAction\",\"target\":{\"@type\":\"EntryPoint\",\"urlTemplate\":\"https:\/\/transferforever.com\/?s={search_term_string}\"},\"query-input\":{\"@type\":\"PropertyValueSpecification\",\"valueRequired\":true,\"valueName\":\"search_term_string\"}}],\"inLanguage\":\"fr-FR\"}]}<\/script>\n<!-- \/ Yoast SEO plugin. -->","yoast_head_json":{"title":"VHS Super 8 8mm Audio Vid\u00e9o CD Diapositives DVD sur cl\u00e9 USB","description":"Rassemblez vos cassettes, films, photos, audio et diapositives. Nous num\u00e9risons et transf\u00e9rons tous les types de m\u00e9dias sur une seule cl\u00e9 USB","robots":{"index":"index","follow":"follow","max-snippet":"max-snippet:-1","max-image-preview":"max-image-preview:large","max-video-preview":"max-video-preview:-1"},"canonical":"https:\/\/transferforever.com\/fr\/ce-que-nous-numerisons\/","og_locale":"fr_FR","og_type":"article","og_title":"VHS Super 8 8mm Audio Vid\u00e9o CD Diapositives DVD sur cl\u00e9 USB","og_description":"Rassemblez vos cassettes, films, photos, audio et diapositives. Nous num\u00e9risons et transf\u00e9rons tous les types de m\u00e9dias sur une seule cl\u00e9 USB","og_url":"https:\/\/transferforever.com\/fr\/ce-que-nous-numerisons\/","og_site_name":"Transfer Forever","article_modified_time":"2025-10-19T16:24:19+00:00","twitter_card":"summary_large_image","schema":{"@context":"https:\/\/schema.org","@graph":[{"@type":"WebPage","@id":"https:\/\/transferforever.com\/fr\/ce-que-nous-numerisons\/","url":"https:\/\/transferforever.com\/fr\/ce-que-nous-numerisons\/","name":"VHS Super 8 8mm Audio Vid\u00e9o CD Diapositives DVD sur cl\u00e9 USB","isPartOf":{"@id":"https:\/\/transferforever.com\/#website"},"datePublished":"2023-07-27T11:45:41+00:00","dateModified":"2025-10-19T16:24:19+00:00","description":"Rassemblez vos cassettes, films, photos, audio et diapositives. Nous num\u00e9risons et transf\u00e9rons tous les types de m\u00e9dias sur une seule cl\u00e9 USB","inLanguage":"fr-FR","potentialAction":[{"@type":"ReadAction","target":["https:\/\/transferforever.com\/fr\/ce-que-nous-numerisons\/"]}]},{"@type":"WebSite","@id":"https:\/\/transferforever.com\/#website","url":"https:\/\/transferforever.com\/","name":"Transfer Forever","description":"","potentialAction":[{"@type":"SearchAction","target":{"@type":"EntryPoint","urlTemplate":"https:\/\/transferforever.com\/?s={search_term_string}"},"query-input":{"@type":"PropertyValueSpecification","valueRequired":true,"valueName":"search_term_string"}}],"inLanguage":"fr-FR"}]}},"_links":{"self":[{"href":"https:\/\/transferforever.com\/fr\/wp-json\/wp\/v2\/pages\/580","targetHints":{"allow":["GET"]}}],"collection":[{"href":"https:\/\/transferforever.com\/fr\/wp-json\/wp\/v2\/pages"}],"about":[{"href":"https:\/\/transferforever.com\/fr\/wp-json\/wp\/v2\/types\/page"}],"author":[{"embeddable":true,"href":"https:\/\/transferforever.com\/fr\/wp-json\/wp\/v2\/users\/1"}],"replies":[{"embeddable":true,"href":"https:\/\/transferforever.com\/fr\/wp-json\/wp\/v2\/comments?post=580"}],"version-history":[{"count":61,"href":"https:\/\/transferforever.com\/fr\/wp-json\/wp\/v2\/pages\/580\/revisions"}],"predecessor-version":[{"id":5608,"href":"https:\/\/transferforever.com\/fr\/wp-json\/wp\/v2\/pages\/580\/revisions\/5608"}],"wp:attachment":[{"href":"https:\/\/transferforever.com\/fr\/wp-json\/wp\/v2\/media?parent=580"}],"curies":[{"name":"wp","href":"https:\/\/api.w.org\/{rel}","templated":true}]}}