{"id":5078,"date":"2025-08-28T06:20:20","date_gmt":"2025-08-28T10:20:20","guid":{"rendered":"https:\/\/transferforever.com\/product\/forever-plus-sample\/"},"modified":"2025-08-28T06:22:16","modified_gmt":"2025-08-28T10:22:16","slug":"forever-plus-echantillon","status":"publish","type":"product","link":"https:\/\/transferforever.com\/fr\/produit\/forever-plus-echantillon\/","title":{"rendered":"Commandez un \u00e9chantillon"},"content":{"rendered":"<p>Faites l\u2019exp\u00e9rience de nos services d\u2019am\u00e9lioration sur vos propres souvenirs avant d\u2019entreprendre un projet complet. Testez jusqu\u2019\u00e0 10 images et\/ou 5 minutes de vid\u00e9o et\/ou 1 minute de bobine de film. Constatez la diff\u00e9rence par vous-m\u00eame en seulement quelques jours. Une fois cette option choisie, nous vous contacterons par courriel pour vous proposer des moyens simples de nous faire parvenir vos souvenirs num\u00e9ris\u00e9s et recevoir rapidement votre version am\u00e9lior\u00e9e.<\/p>\n","protected":false},"excerpt":{"rendered":"<p>Faites l\u2019exp\u00e9rience de nos services d\u2019am\u00e9lioration sur vos propres souvenirs avant d\u2019entreprendre un projet complet. Testez jusqu\u2019\u00e0 10 images et\/ou 5 minutes de vid\u00e9o et\/ou 1 minute de bobine de film. Constatez la diff\u00e9rence par vous-m\u00eame en seulement quelques jours. Une fois cette option choisie, nous vous contacterons par courriel pour vous proposer des moyens [&hellip;]<\/p>\n","protected":false},"featured_media":5077,"template":"","meta":{"_acf_changed":false},"product_brand":[],"product_cat":[99],"product_tag":[],"class_list":{"0":"post-5078","1":"product","2":"type-product","3":"status-publish","4":"has-post-thumbnail","6":"product_cat-non-classe-fr","8":"first","9":"instock","10":"virtual","11":"sold-individually","12":"taxable","13":"purchasable","14":"product-type-simple"},"acf":[],"yoast_head":"<!-- This site is optimized with the Yoast SEO plugin v27.0 - https:\/\/yoast.com\/product\/yoast-seo-wordpress\/ -->\n<title>Commandez un \u00e9chantillon - Transfer Forever<\/title>\n<meta name=\"robots\" content=\"index, follow, max-snippet:-1, max-image-preview:large, max-video-preview:-1\" \/>\n<link rel=\"canonical\" href=\"http:\/\/transferforever.com\/produit\/forever-plus-sample\/\" \/>\n<meta property=\"og:locale\" content=\"fr_FR\" \/>\n<meta property=\"og:type\" content=\"article\" \/>\n<meta property=\"og:title\" content=\"Commandez un \u00e9chantillon - Transfer Forever\" \/>\n<meta property=\"og:description\" content=\"Faites l\u2019exp\u00e9rience de nos services d\u2019am\u00e9lioration sur vos propres souvenirs avant d\u2019entreprendre un projet complet. Testez jusqu\u2019\u00e0 10 images et\/ou 5 minutes de vid\u00e9o et\/ou 1 minute de bobine de film. Constatez la diff\u00e9rence par vous-m\u00eame en seulement quelques jours. Une fois cette option choisie, nous vous contacterons par courriel pour vous proposer des moyens [&hellip;]\" \/>\n<meta property=\"og:url\" content=\"http:\/\/transferforever.com\/produit\/forever-plus-sample\/\" \/>\n<meta property=\"og:site_name\" content=\"Transfer Forever\" \/>\n<meta property=\"article:modified_time\" content=\"2025-08-28T10:22:16+00:00\" \/>\n<meta property=\"og:image\" content=\"http:\/\/transferforever.com\/wp-content\/uploads\/2025\/08\/7ba46ba06d883e09527c6cd43ecdf97ad2be2967.jpg\" \/>\n\t<meta property=\"og:image:width\" content=\"1158\" \/>\n\t<meta property=\"og:image:height\" content=\"1158\" \/>\n\t<meta property=\"og:image:type\" content=\"image\/jpeg\" \/>\n<meta name=\"twitter:card\" content=\"summary_large_image\" \/>\n<meta name=\"twitter:label1\" content=\"Dur\u00e9e de lecture estim\u00e9e\" \/>\n\t<meta name=\"twitter:data1\" content=\"1 minute\" \/>\n<script type=\"application\/ld+json\" class=\"yoast-schema-graph\">{\"@context\":\"https:\/\/schema.org\",\"@graph\":[{\"@type\":\"WebPage\",\"@id\":\"http:\/\/transferforever.com\/produit\/forever-plus-sample\/\",\"url\":\"http:\/\/transferforever.com\/produit\/forever-plus-sample\/\",\"name\":\"Commandez un \u00e9chantillon - Transfer Forever\",\"isPartOf\":{\"@id\":\"https:\/\/transferforever.com\/#website\"},\"primaryImageOfPage\":{\"@id\":\"http:\/\/transferforever.com\/produit\/forever-plus-sample\/#primaryimage\"},\"image\":{\"@id\":\"http:\/\/transferforever.com\/produit\/forever-plus-sample\/#primaryimage\"},\"thumbnailUrl\":\"https:\/\/transferforever.com\/wp-content\/uploads\/2025\/08\/7ba46ba06d883e09527c6cd43ecdf97ad2be2967.jpg\",\"datePublished\":\"2025-08-28T10:20:20+00:00\",\"dateModified\":\"2025-08-28T10:22:16+00:00\",\"breadcrumb\":{\"@id\":\"http:\/\/transferforever.com\/produit\/forever-plus-sample\/#breadcrumb\"},\"inLanguage\":\"fr-FR\",\"potentialAction\":[{\"@type\":\"ReadAction\",\"target\":[\"http:\/\/transferforever.com\/produit\/forever-plus-sample\/\"]}]},{\"@type\":\"ImageObject\",\"inLanguage\":\"fr-FR\",\"@id\":\"http:\/\/transferforever.com\/produit\/forever-plus-sample\/#primaryimage\",\"url\":\"https:\/\/transferforever.com\/wp-content\/uploads\/2025\/08\/7ba46ba06d883e09527c6cd43ecdf97ad2be2967.jpg\",\"contentUrl\":\"https:\/\/transferforever.com\/wp-content\/uploads\/2025\/08\/7ba46ba06d883e09527c6cd43ecdf97ad2be2967.jpg\",\"width\":1158,\"height\":1158},{\"@type\":\"BreadcrumbList\",\"@id\":\"http:\/\/transferforever.com\/produit\/forever-plus-sample\/#breadcrumb\",\"itemListElement\":[{\"@type\":\"ListItem\",\"position\":1,\"name\":\"Boutique\",\"item\":\"https:\/\/transferforever.com\/fr\/boutique\/\"},{\"@type\":\"ListItem\",\"position\":2,\"name\":\"Commandez un \u00e9chantillon\"}]},{\"@type\":\"WebSite\",\"@id\":\"https:\/\/transferforever.com\/#website\",\"url\":\"https:\/\/transferforever.com\/\",\"name\":\"Transfer Forever\",\"description\":\"\",\"potentialAction\":[{\"@type\":\"SearchAction\",\"target\":{\"@type\":\"EntryPoint\",\"urlTemplate\":\"https:\/\/transferforever.com\/?s={search_term_string}\"},\"query-input\":{\"@type\":\"PropertyValueSpecification\",\"valueRequired\":true,\"valueName\":\"search_term_string\"}}],\"inLanguage\":\"fr-FR\"}]}<\/script>\n<!-- \/ Yoast SEO plugin. -->","yoast_head_json":{"title":"Commandez un \u00e9chantillon - Transfer Forever","robots":{"index":"index","follow":"follow","max-snippet":"max-snippet:-1","max-image-preview":"max-image-preview:large","max-video-preview":"max-video-preview:-1"},"canonical":"http:\/\/transferforever.com\/produit\/forever-plus-sample\/","og_locale":"fr_FR","og_type":"article","og_title":"Commandez un \u00e9chantillon - Transfer Forever","og_description":"Faites l\u2019exp\u00e9rience de nos services d\u2019am\u00e9lioration sur vos propres souvenirs avant d\u2019entreprendre un projet complet. Testez jusqu\u2019\u00e0 10 images et\/ou 5 minutes de vid\u00e9o et\/ou 1 minute de bobine de film. Constatez la diff\u00e9rence par vous-m\u00eame en seulement quelques jours. Une fois cette option choisie, nous vous contacterons par courriel pour vous proposer des moyens [&hellip;]","og_url":"http:\/\/transferforever.com\/produit\/forever-plus-sample\/","og_site_name":"Transfer Forever","article_modified_time":"2025-08-28T10:22:16+00:00","og_image":[{"width":1158,"height":1158,"url":"http:\/\/transferforever.com\/wp-content\/uploads\/2025\/08\/7ba46ba06d883e09527c6cd43ecdf97ad2be2967.jpg","type":"image\/jpeg"}],"twitter_card":"summary_large_image","twitter_misc":{"Dur\u00e9e de lecture estim\u00e9e":"1 minute"},"schema":{"@context":"https:\/\/schema.org","@graph":[{"@type":"WebPage","@id":"http:\/\/transferforever.com\/produit\/forever-plus-sample\/","url":"http:\/\/transferforever.com\/produit\/forever-plus-sample\/","name":"Commandez un \u00e9chantillon - Transfer Forever","isPartOf":{"@id":"https:\/\/transferforever.com\/#website"},"primaryImageOfPage":{"@id":"http:\/\/transferforever.com\/produit\/forever-plus-sample\/#primaryimage"},"image":{"@id":"http:\/\/transferforever.com\/produit\/forever-plus-sample\/#primaryimage"},"thumbnailUrl":"https:\/\/transferforever.com\/wp-content\/uploads\/2025\/08\/7ba46ba06d883e09527c6cd43ecdf97ad2be2967.jpg","datePublished":"2025-08-28T10:20:20+00:00","dateModified":"2025-08-28T10:22:16+00:00","breadcrumb":{"@id":"http:\/\/transferforever.com\/produit\/forever-plus-sample\/#breadcrumb"},"inLanguage":"fr-FR","potentialAction":[{"@type":"ReadAction","target":["http:\/\/transferforever.com\/produit\/forever-plus-sample\/"]}]},{"@type":"ImageObject","inLanguage":"fr-FR","@id":"http:\/\/transferforever.com\/produit\/forever-plus-sample\/#primaryimage","url":"https:\/\/transferforever.com\/wp-content\/uploads\/2025\/08\/7ba46ba06d883e09527c6cd43ecdf97ad2be2967.jpg","contentUrl":"https:\/\/transferforever.com\/wp-content\/uploads\/2025\/08\/7ba46ba06d883e09527c6cd43ecdf97ad2be2967.jpg","width":1158,"height":1158},{"@type":"BreadcrumbList","@id":"http:\/\/transferforever.com\/produit\/forever-plus-sample\/#breadcrumb","itemListElement":[{"@type":"ListItem","position":1,"name":"Boutique","item":"https:\/\/transferforever.com\/fr\/boutique\/"},{"@type":"ListItem","position":2,"name":"Commandez un \u00e9chantillon"}]},{"@type":"WebSite","@id":"https:\/\/transferforever.com\/#website","url":"https:\/\/transferforever.com\/","name":"Transfer Forever","description":"","potentialAction":[{"@type":"SearchAction","target":{"@type":"EntryPoint","urlTemplate":"https:\/\/transferforever.com\/?s={search_term_string}"},"query-input":{"@type":"PropertyValueSpecification","valueRequired":true,"valueName":"search_term_string"}}],"inLanguage":"fr-FR"}]}},"_links":{"self":[{"href":"https:\/\/transferforever.com\/fr\/wp-json\/wp\/v2\/product\/5078","targetHints":{"allow":["GET"]}}],"collection":[{"href":"https:\/\/transferforever.com\/fr\/wp-json\/wp\/v2\/product"}],"about":[{"href":"https:\/\/transferforever.com\/fr\/wp-json\/wp\/v2\/types\/product"}],"wp:featuredmedia":[{"embeddable":true,"href":"https:\/\/transferforever.com\/fr\/wp-json\/wp\/v2\/media\/5077"}],"wp:attachment":[{"href":"https:\/\/transferforever.com\/fr\/wp-json\/wp\/v2\/media?parent=5078"}],"wp:term":[{"taxonomy":"product_brand","embeddable":true,"href":"https:\/\/transferforever.com\/fr\/wp-json\/wp\/v2\/product_brand?post=5078"},{"taxonomy":"product_cat","embeddable":true,"href":"https:\/\/transferforever.com\/fr\/wp-json\/wp\/v2\/product_cat?post=5078"},{"taxonomy":"product_tag","embeddable":true,"href":"https:\/\/transferforever.com\/fr\/wp-json\/wp\/v2\/product_tag?post=5078"}],"curies":[{"name":"wp","href":"https:\/\/api.w.org\/{rel}","templated":true}]}}