{"id":606,"date":"2023-09-27T16:49:22","date_gmt":"2023-09-27T20:49:22","guid":{"rendered":"http:\/\/transferforever.com\/produit\/forever-warranty\/"},"modified":"2026-01-03T11:07:42","modified_gmt":"2026-01-03T16:07:42","slug":"lien-numerique-a-vie","status":"publish","type":"product","link":"https:\/\/transferforever.com\/fr\/produit\/lien-numerique-a-vie\/","title":{"rendered":"Acc\u00e8s \u00e0 vie"},"content":{"rendered":"<p>Aucun abonnement requis \u2014 un seul frais unique! Offrez-vous votre <strong>Acc\u00e8s \u00e0 vie<\/strong>, incluant tous vos souvenirs, accessibles directement \u00e0 partir de votre compte.<\/p>\n<ul>\n<li>Un seul paiement, aucun abonnement<\/li>\n<li>Accessible sur tous vos appareils mobiles<\/li>\n<li>Partagez ou t\u00e9l\u00e9chargez en un seul clic<\/li>\n<li>Vos souvenirs en s\u00e9curit\u00e9, pour toujours<\/li>\n<li>Jusqu\u2019\u00e0 75 heures de vid\u00e9o ou 10 000 images<\/li>\n<\/ul>\n","protected":false},"excerpt":{"rendered":"<p>Aucun abonnement requis \u2014 un seul frais unique! Offrez-vous votre Acc\u00e8s \u00e0 vie, incluant tous vos souvenirs, accessibles directement \u00e0 partir de votre compte. Un seul paiement, aucun abonnement Accessible sur tous vos appareils mobiles Partagez ou t\u00e9l\u00e9chargez en un seul clic Vos souvenirs en s\u00e9curit\u00e9, pour toujours Jusqu\u2019\u00e0 75 heures de vid\u00e9o ou 10 [&hellip;]<\/p>\n","protected":false},"featured_media":3351,"template":"","meta":{"_acf_changed":false},"product_brand":[],"product_cat":[99],"product_tag":[],"class_list":{"0":"post-606","1":"product","2":"type-product","3":"status-publish","4":"has-post-thumbnail","6":"product_cat-non-classe-fr","8":"first","9":"instock","10":"sale","11":"virtual","12":"sold-individually","13":"taxable","14":"purchasable","15":"product-type-simple"},"acf":[],"yoast_head":"<!-- This site is optimized with the Yoast SEO plugin v27.0 - https:\/\/yoast.com\/product\/yoast-seo-wordpress\/ -->\n<title>Acc\u00e8s \u00e0 vie - Transfer Forever<\/title>\n<meta name=\"robots\" content=\"index, follow, max-snippet:-1, max-image-preview:large, max-video-preview:-1\" \/>\n<link rel=\"canonical\" href=\"http:\/\/transferforever.com\/produit\/lifetime-digital-link\/\" \/>\n<meta property=\"og:locale\" content=\"fr_FR\" \/>\n<meta property=\"og:type\" content=\"article\" \/>\n<meta property=\"og:title\" content=\"Acc\u00e8s \u00e0 vie - Transfer Forever\" \/>\n<meta property=\"og:description\" content=\"Aucun abonnement requis \u2014 un seul frais unique! Offrez-vous votre Acc\u00e8s \u00e0 vie, incluant tous vos souvenirs, accessibles directement \u00e0 partir de votre compte. Un seul paiement, aucun abonnement Accessible sur tous vos appareils mobiles Partagez ou t\u00e9l\u00e9chargez en un seul clic Vos souvenirs en s\u00e9curit\u00e9, pour toujours Jusqu\u2019\u00e0 75 heures de vid\u00e9o ou 10 [&hellip;]\" \/>\n<meta property=\"og:url\" content=\"http:\/\/transferforever.com\/produit\/lifetime-digital-link\/\" \/>\n<meta property=\"og:site_name\" content=\"Transfer Forever\" \/>\n<meta property=\"article:modified_time\" content=\"2026-01-03T16:07:42+00:00\" \/>\n<meta property=\"og:image\" content=\"http:\/\/transferforever.com\/wp-content\/uploads\/2023\/09\/99219dcb1134c4a9432e461fb9db74aa.webp\" \/>\n\t<meta property=\"og:image:width\" content=\"1220\" \/>\n\t<meta property=\"og:image:height\" content=\"895\" \/>\n\t<meta property=\"og:image:type\" content=\"image\/webp\" \/>\n<meta name=\"twitter:card\" content=\"summary_large_image\" \/>\n<meta name=\"twitter:label1\" content=\"Dur\u00e9e de lecture estim\u00e9e\" \/>\n\t<meta name=\"twitter:data1\" content=\"1 minute\" \/>\n<script type=\"application\/ld+json\" class=\"yoast-schema-graph\">{\"@context\":\"https:\/\/schema.org\",\"@graph\":[{\"@type\":\"WebPage\",\"@id\":\"http:\/\/transferforever.com\/produit\/lifetime-digital-link\/\",\"url\":\"http:\/\/transferforever.com\/produit\/lifetime-digital-link\/\",\"name\":\"Acc\u00e8s \u00e0 vie - Transfer Forever\",\"isPartOf\":{\"@id\":\"https:\/\/transferforever.com\/#website\"},\"primaryImageOfPage\":{\"@id\":\"http:\/\/transferforever.com\/produit\/lifetime-digital-link\/#primaryimage\"},\"image\":{\"@id\":\"http:\/\/transferforever.com\/produit\/lifetime-digital-link\/#primaryimage\"},\"thumbnailUrl\":\"https:\/\/transferforever.com\/wp-content\/uploads\/2023\/09\/99219dcb1134c4a9432e461fb9db74aa.webp\",\"datePublished\":\"2023-09-27T20:49:22+00:00\",\"dateModified\":\"2026-01-03T16:07:42+00:00\",\"breadcrumb\":{\"@id\":\"http:\/\/transferforever.com\/produit\/lifetime-digital-link\/#breadcrumb\"},\"inLanguage\":\"fr-FR\",\"potentialAction\":[{\"@type\":\"ReadAction\",\"target\":[\"http:\/\/transferforever.com\/produit\/lifetime-digital-link\/\"]}]},{\"@type\":\"ImageObject\",\"inLanguage\":\"fr-FR\",\"@id\":\"http:\/\/transferforever.com\/produit\/lifetime-digital-link\/#primaryimage\",\"url\":\"https:\/\/transferforever.com\/wp-content\/uploads\/2023\/09\/99219dcb1134c4a9432e461fb9db74aa.webp\",\"contentUrl\":\"https:\/\/transferforever.com\/wp-content\/uploads\/2023\/09\/99219dcb1134c4a9432e461fb9db74aa.webp\",\"width\":1220,\"height\":895},{\"@type\":\"BreadcrumbList\",\"@id\":\"http:\/\/transferforever.com\/produit\/lifetime-digital-link\/#breadcrumb\",\"itemListElement\":[{\"@type\":\"ListItem\",\"position\":1,\"name\":\"Boutique\",\"item\":\"https:\/\/transferforever.com\/fr\/boutique\/\"},{\"@type\":\"ListItem\",\"position\":2,\"name\":\"Acc\u00e8s \u00e0 vie\"}]},{\"@type\":\"WebSite\",\"@id\":\"https:\/\/transferforever.com\/#website\",\"url\":\"https:\/\/transferforever.com\/\",\"name\":\"Transfer Forever\",\"description\":\"\",\"potentialAction\":[{\"@type\":\"SearchAction\",\"target\":{\"@type\":\"EntryPoint\",\"urlTemplate\":\"https:\/\/transferforever.com\/?s={search_term_string}\"},\"query-input\":{\"@type\":\"PropertyValueSpecification\",\"valueRequired\":true,\"valueName\":\"search_term_string\"}}],\"inLanguage\":\"fr-FR\"}]}<\/script>\n<!-- \/ Yoast SEO plugin. -->","yoast_head_json":{"title":"Acc\u00e8s \u00e0 vie - Transfer Forever","robots":{"index":"index","follow":"follow","max-snippet":"max-snippet:-1","max-image-preview":"max-image-preview:large","max-video-preview":"max-video-preview:-1"},"canonical":"http:\/\/transferforever.com\/produit\/lifetime-digital-link\/","og_locale":"fr_FR","og_type":"article","og_title":"Acc\u00e8s \u00e0 vie - Transfer Forever","og_description":"Aucun abonnement requis \u2014 un seul frais unique! Offrez-vous votre Acc\u00e8s \u00e0 vie, incluant tous vos souvenirs, accessibles directement \u00e0 partir de votre compte. Un seul paiement, aucun abonnement Accessible sur tous vos appareils mobiles Partagez ou t\u00e9l\u00e9chargez en un seul clic Vos souvenirs en s\u00e9curit\u00e9, pour toujours Jusqu\u2019\u00e0 75 heures de vid\u00e9o ou 10 [&hellip;]","og_url":"http:\/\/transferforever.com\/produit\/lifetime-digital-link\/","og_site_name":"Transfer Forever","article_modified_time":"2026-01-03T16:07:42+00:00","og_image":[{"width":1220,"height":895,"url":"http:\/\/transferforever.com\/wp-content\/uploads\/2023\/09\/99219dcb1134c4a9432e461fb9db74aa.webp","type":"image\/webp"}],"twitter_card":"summary_large_image","twitter_misc":{"Dur\u00e9e de lecture estim\u00e9e":"1 minute"},"schema":{"@context":"https:\/\/schema.org","@graph":[{"@type":"WebPage","@id":"http:\/\/transferforever.com\/produit\/lifetime-digital-link\/","url":"http:\/\/transferforever.com\/produit\/lifetime-digital-link\/","name":"Acc\u00e8s \u00e0 vie - Transfer Forever","isPartOf":{"@id":"https:\/\/transferforever.com\/#website"},"primaryImageOfPage":{"@id":"http:\/\/transferforever.com\/produit\/lifetime-digital-link\/#primaryimage"},"image":{"@id":"http:\/\/transferforever.com\/produit\/lifetime-digital-link\/#primaryimage"},"thumbnailUrl":"https:\/\/transferforever.com\/wp-content\/uploads\/2023\/09\/99219dcb1134c4a9432e461fb9db74aa.webp","datePublished":"2023-09-27T20:49:22+00:00","dateModified":"2026-01-03T16:07:42+00:00","breadcrumb":{"@id":"http:\/\/transferforever.com\/produit\/lifetime-digital-link\/#breadcrumb"},"inLanguage":"fr-FR","potentialAction":[{"@type":"ReadAction","target":["http:\/\/transferforever.com\/produit\/lifetime-digital-link\/"]}]},{"@type":"ImageObject","inLanguage":"fr-FR","@id":"http:\/\/transferforever.com\/produit\/lifetime-digital-link\/#primaryimage","url":"https:\/\/transferforever.com\/wp-content\/uploads\/2023\/09\/99219dcb1134c4a9432e461fb9db74aa.webp","contentUrl":"https:\/\/transferforever.com\/wp-content\/uploads\/2023\/09\/99219dcb1134c4a9432e461fb9db74aa.webp","width":1220,"height":895},{"@type":"BreadcrumbList","@id":"http:\/\/transferforever.com\/produit\/lifetime-digital-link\/#breadcrumb","itemListElement":[{"@type":"ListItem","position":1,"name":"Boutique","item":"https:\/\/transferforever.com\/fr\/boutique\/"},{"@type":"ListItem","position":2,"name":"Acc\u00e8s \u00e0 vie"}]},{"@type":"WebSite","@id":"https:\/\/transferforever.com\/#website","url":"https:\/\/transferforever.com\/","name":"Transfer Forever","description":"","potentialAction":[{"@type":"SearchAction","target":{"@type":"EntryPoint","urlTemplate":"https:\/\/transferforever.com\/?s={search_term_string}"},"query-input":{"@type":"PropertyValueSpecification","valueRequired":true,"valueName":"search_term_string"}}],"inLanguage":"fr-FR"}]}},"_links":{"self":[{"href":"https:\/\/transferforever.com\/fr\/wp-json\/wp\/v2\/product\/606","targetHints":{"allow":["GET"]}}],"collection":[{"href":"https:\/\/transferforever.com\/fr\/wp-json\/wp\/v2\/product"}],"about":[{"href":"https:\/\/transferforever.com\/fr\/wp-json\/wp\/v2\/types\/product"}],"wp:featuredmedia":[{"embeddable":true,"href":"https:\/\/transferforever.com\/fr\/wp-json\/wp\/v2\/media\/3351"}],"wp:attachment":[{"href":"https:\/\/transferforever.com\/fr\/wp-json\/wp\/v2\/media?parent=606"}],"wp:term":[{"taxonomy":"product_brand","embeddable":true,"href":"https:\/\/transferforever.com\/fr\/wp-json\/wp\/v2\/product_brand?post=606"},{"taxonomy":"product_cat","embeddable":true,"href":"https:\/\/transferforever.com\/fr\/wp-json\/wp\/v2\/product_cat?post=606"},{"taxonomy":"product_tag","embeddable":true,"href":"https:\/\/transferforever.com\/fr\/wp-json\/wp\/v2\/product_tag?post=606"}],"curies":[{"name":"wp","href":"https:\/\/api.w.org\/{rel}","templated":true}]}}